{"id":9,"date":"2023-01-24T08:09:45","date_gmt":"2023-01-24T13:09:45","guid":{"rendered":"https:\/\/demosites.royal-elementor-addons.com\/car-repair-v1\/?page_id=9"},"modified":"2024-08-13T13:09:52","modified_gmt":"2024-08-13T18:09:52","slug":"about","status":"publish","type":"page","link":"https:\/\/conduarte.com\/?page_id=9","title":{"rendered":"NOSOTROS"},"content":{"rendered":"\t\t<div data-elementor-type=\"wp-page\" data-elementor-id=\"9\" class=\"elementor elementor-9\">\n\t\t\t\t\t\t<section class=\"elementor-section elementor-top-section elementor-element elementor-element-ef95f03 elementor-section-height-min-height elementor-section-boxed elementor-section-height-default elementor-section-items-middle wpr-particle-no wpr-jarallax-no wpr-parallax-no wpr-sticky-section-no\" data-id=\"ef95f03\" data-element_type=\"section\" data-settings=\"{&quot;background_background&quot;:&quot;classic&quot;,&quot;shape_divider_bottom&quot;:&quot;tilt&quot;}\">\n\t\t\t\t\t\t\t<div class=\"elementor-background-overlay\"><\/div>\n\t\t\t\t\t\t<div class=\"elementor-shape elementor-shape-bottom\" data-negative=\"false\">\n\t\t\t<svg xmlns=\"http:\/\/www.w3.org\/2000\/svg\" viewBox=\"0 0 1000 100\" preserveAspectRatio=\"none\">\n\t<path class=\"elementor-shape-fill\" d=\"M0,6V0h1000v100L0,6z\"\/>\n<\/svg>\t\t<\/div>\n\t\t\t\t\t<div class=\"elementor-container elementor-column-gap-default\">\n\t\t\t\t\t<div class=\"elementor-column elementor-col-100 elementor-top-column elementor-element elementor-element-c8dd92e\" data-id=\"c8dd92e\" data-element_type=\"column\">\n\t\t\t<div class=\"elementor-widget-wrap elementor-element-populated\">\n\t\t\t\t\t\t<div class=\"elementor-element elementor-element-3de19c3 elementor-widget elementor-widget-heading\" data-id=\"3de19c3\" data-element_type=\"widget\" data-widget_type=\"heading.default\">\n\t\t\t\t<div class=\"elementor-widget-container\">\n\t\t\t<style>\/*! elementor - v3.19.0 - 28-02-2024 *\/\n.elementor-heading-title{padding:0;margin:0;line-height:1}.elementor-widget-heading .elementor-heading-title[class*=elementor-size-]>a{color:inherit;font-size:inherit;line-height:inherit}.elementor-widget-heading .elementor-heading-title.elementor-size-small{font-size:15px}.elementor-widget-heading .elementor-heading-title.elementor-size-medium{font-size:19px}.elementor-widget-heading .elementor-heading-title.elementor-size-large{font-size:29px}.elementor-widget-heading .elementor-heading-title.elementor-size-xl{font-size:39px}.elementor-widget-heading .elementor-heading-title.elementor-size-xxl{font-size:59px}<\/style><h2 class=\"elementor-heading-title elementor-size-default\">Nosotros<\/h2>\t\t<\/div>\n\t\t\t\t<\/div>\n\t\t\t\t\t<\/div>\n\t\t<\/div>\n\t\t\t\t\t<\/div>\n\t\t<\/section>\n\t\t\t\t<section class=\"elementor-section elementor-top-section elementor-element elementor-element-9572656 elementor-section-boxed elementor-section-height-default elementor-section-height-default wpr-particle-no wpr-jarallax-no wpr-parallax-no wpr-sticky-section-no\" data-id=\"9572656\" data-element_type=\"section\">\n\t\t\t\t\t\t<div class=\"elementor-container elementor-column-gap-default\">\n\t\t\t\t\t<div class=\"elementor-column elementor-col-50 elementor-top-column elementor-element elementor-element-ecd14f9\" data-id=\"ecd14f9\" data-element_type=\"column\">\n\t\t\t<div class=\"elementor-widget-wrap elementor-element-populated\">\n\t\t\t\t\t\t<div class=\"elementor-element elementor-element-aa91b36 elementor-widget elementor-widget-heading\" data-id=\"aa91b36\" data-element_type=\"widget\" data-widget_type=\"heading.default\">\n\t\t\t\t<div class=\"elementor-widget-container\">\n\t\t\t<h2 class=\"elementor-heading-title elementor-size-default\">BIENVENIDOS A LA ESCUELA DE CONDUCCI\u00d3N\u00a0\nCONDUARTE<\/h2>\t\t<\/div>\n\t\t\t\t<\/div>\n\t\t\t\t<div class=\"elementor-element elementor-element-ec0e276 elementor-widget elementor-widget-text-editor\" data-id=\"ec0e276\" data-element_type=\"widget\" data-widget_type=\"text-editor.default\">\n\t\t\t\t<div class=\"elementor-widget-container\">\n\t\t\t<style>\/*! elementor - v3.19.0 - 28-02-2024 *\/\n.elementor-widget-text-editor.elementor-drop-cap-view-stacked .elementor-drop-cap{background-color:#69727d;color:#fff}.elementor-widget-text-editor.elementor-drop-cap-view-framed .elementor-drop-cap{color:#69727d;border:3px solid;background-color:transparent}.elementor-widget-text-editor:not(.elementor-drop-cap-view-default) .elementor-drop-cap{margin-top:8px}.elementor-widget-text-editor:not(.elementor-drop-cap-view-default) .elementor-drop-cap-letter{width:1em;height:1em}.elementor-widget-text-editor .elementor-drop-cap{float:left;text-align:center;line-height:1;font-size:50px}.elementor-widget-text-editor .elementor-drop-cap-letter{display:inline-block}<\/style>\t\t\t\t<p>El Centro de Ense\u00f1anza Automovil\u00edstica CONDUARTE, con el compromiso que tiene en el Municipio de Medell\u00edn, las \u00e1reas aleda\u00f1as y Antioquia en pro de la educaci\u00f3n y capacitaci\u00f3n en t\u00e9cnicas de conducci\u00f3n, decide operar bajo las directrices establecidas por el Ministerio de Transporte y el Ministerio de Educaci\u00f3n con la idea de suplir las necesidades de los habitantes del municipio y de la regi\u00f3n; encaminado al cumplimiento de cada una de las necesidades educativas, culturales y sociales del sector transporte tanto p\u00fablico como privado y las exigencias legales que lo regulan, busca la dinamizaci\u00f3n y el mejoramiento de las competencias de los instructores en t\u00e9cnicas de conducci\u00f3n de nuestra instituci\u00f3n.<\/p><p>CONDUARTE CENTRO DE ENSE\u00d1ANZA AUTOMOVIL\u00cdSTICA se crea para ser Instituci\u00f3n de Formaci\u00f3n para el Trabajo y el Desarrollo Humano, generando capacitaci\u00f3n a todas las personas que deseen adquirir licencia para conducir veh\u00edculos en sus diferentes categor\u00edas establecidas en el Decreto 1500 de 2009, y su resoluci\u00f3n 3245 del 2009 con el prop\u00f3sito de mejorar la calidad de la movilidad y disminuir la accidentalidad en las v\u00edas p\u00fablicas, carreteras del municipio, del departamento y del pa\u00eds.<\/p>\t\t\t\t\t\t<\/div>\n\t\t\t\t<\/div>\n\t\t\t\t\t<\/div>\n\t\t<\/div>\n\t\t\t\t<div class=\"elementor-column elementor-col-50 elementor-top-column elementor-element elementor-element-96a3337 elementor-hidden-tablet elementor-hidden-mobile\" data-id=\"96a3337\" data-element_type=\"column\">\n\t\t\t<div class=\"elementor-widget-wrap elementor-element-populated\">\n\t\t\t\t\t\t<div class=\"elementor-element elementor-element-d92e111 elementor-widget elementor-widget-image\" data-id=\"d92e111\" data-element_type=\"widget\" data-widget_type=\"image.default\">\n\t\t\t\t<div class=\"elementor-widget-container\">\n\t\t\t<style>\/*! elementor - v3.19.0 - 28-02-2024 *\/\n.elementor-widget-image{text-align:center}.elementor-widget-image a{display:inline-block}.elementor-widget-image a img[src$=\".svg\"]{width:48px}.elementor-widget-image img{vertical-align:middle;display:inline-block}<\/style>\t\t\t\t\t\t\t\t\t\t<img fetchpriority=\"high\" decoding=\"async\" width=\"900\" height=\"741\" src=\"https:\/\/conduarte.com\/wp-content\/uploads\/2023\/01\/pic-22.jpg\" class=\"attachment-large size-large wp-image-588\" alt=\"\" srcset=\"https:\/\/conduarte.com\/wp-content\/uploads\/2023\/01\/pic-22.jpg 900w, https:\/\/conduarte.com\/wp-content\/uploads\/2023\/01\/pic-22-300x247.jpg 300w, https:\/\/conduarte.com\/wp-content\/uploads\/2023\/01\/pic-22-768x632.jpg 768w\" sizes=\"(max-width: 900px) 100vw, 900px\" \/>\t\t\t\t\t\t\t\t\t\t\t\t\t<\/div>\n\t\t\t\t<\/div>\n\t\t\t\t\t<\/div>\n\t\t<\/div>\n\t\t\t\t\t<\/div>\n\t\t<\/section>\n\t\t\t\t<section class=\"elementor-section elementor-top-section elementor-element elementor-element-2707021 elementor-section-boxed elementor-section-height-default elementor-section-height-default wpr-particle-no wpr-jarallax-no wpr-parallax-no wpr-sticky-section-no\" data-id=\"2707021\" data-element_type=\"section\">\n\t\t\t\t\t\t<div class=\"elementor-container elementor-column-gap-default\">\n\t\t\t\t\t<div class=\"elementor-column elementor-col-50 elementor-top-column elementor-element elementor-element-1db297f\" data-id=\"1db297f\" data-element_type=\"column\">\n\t\t\t<div class=\"elementor-widget-wrap elementor-element-populated\">\n\t\t\t\t\t\t<div class=\"elementor-element elementor-element-ed53e53 elementor-widget elementor-widget-heading\" data-id=\"ed53e53\" data-element_type=\"widget\" data-widget_type=\"heading.default\">\n\t\t\t\t<div class=\"elementor-widget-container\">\n\t\t\t<h2 class=\"elementor-heading-title elementor-size-default\">\nPOL\u00cdTICA INTEGRADA<\/h2>\t\t<\/div>\n\t\t\t\t<\/div>\n\t\t\t\t<div class=\"elementor-element elementor-element-8d76f6c elementor-widget elementor-widget-text-editor\" data-id=\"8d76f6c\" data-element_type=\"widget\" data-widget_type=\"text-editor.default\">\n\t\t\t\t<div class=\"elementor-widget-container\">\n\t\t\t\t\t\t\t<p>CALIDAD, SEGURIDAD VIAL, SEGURIDAD Y SALUD EN EL TRABAJO<\/p><p>El Centro de Ense\u00f1anza Automovil\u00edstica CONDUARTE, suministra formaci\u00f3n de conductores para las categor\u00edas A2, B1, C1 y C2, cumpliendo los requisitos legales aplicables, personal competente, infraestructura adecuada y mejora de sus procesos con el fin de satisfacer a los aspirantes y personas certificadas.<\/p><p>Nos comprometemos con la implementaci\u00f3n del sistema de Gesti\u00f3n en Seguridad y Salud en el trabajo, la prevenci\u00f3n de accidentes de trabajo y enfermedades laborales, la implementaci\u00f3n de actividades de promoci\u00f3n y prevenci\u00f3n de accidentes de trabajo en las v\u00edas que puedan afectar la integridad f\u00edsica, mental, y social del personal directo e indirecto y la comunidad.<\/p>\t\t\t\t\t\t<\/div>\n\t\t\t\t<\/div>\n\t\t\t\t\t<\/div>\n\t\t<\/div>\n\t\t\t\t<div class=\"elementor-column elementor-col-50 elementor-top-column elementor-element elementor-element-b3266a9\" data-id=\"b3266a9\" data-element_type=\"column\">\n\t\t\t<div class=\"elementor-widget-wrap elementor-element-populated\">\n\t\t\t\t\t\t<div class=\"elementor-element elementor-element-3f7fbc8 elementor-widget elementor-widget-heading\" data-id=\"3f7fbc8\" data-element_type=\"widget\" data-widget_type=\"heading.default\">\n\t\t\t\t<div class=\"elementor-widget-container\">\n\t\t\t<h2 class=\"elementor-heading-title elementor-size-default\">\nMISI\u00d3N<\/h2>\t\t<\/div>\n\t\t\t\t<\/div>\n\t\t\t\t<div class=\"elementor-element elementor-element-ee075e0 elementor-widget elementor-widget-text-editor\" data-id=\"ee075e0\" data-element_type=\"widget\" data-widget_type=\"text-editor.default\">\n\t\t\t\t<div class=\"elementor-widget-container\">\n\t\t\t\t\t\t\t<p>CONDUARTE Centro de Ense\u00f1anza Automovil\u00edstica, como instituto de educaci\u00f3n para el trabajo y el desarrollo humano ofrece servicios en la educaci\u00f3n y seguridad vial para todas aquellas personas que aspiren al manejo t\u00e9cnico de veh\u00edculos en sector p\u00fablico y privado a trav\u00e9s de unos procesos formativos que valoren y promueven las competencias, humanas, t\u00e9cnicas, \u00e9ticas, y sociales para lograr los est\u00e1ndares de calidad que requiere el sistema nacional de tr\u00e1nsito, de acuerdo a la normatividad legal vigente.<\/p>\t\t\t\t\t\t<\/div>\n\t\t\t\t<\/div>\n\t\t\t\t\t<\/div>\n\t\t<\/div>\n\t\t\t\t\t<\/div>\n\t\t<\/section>\n\t\t\t\t<section class=\"elementor-section elementor-top-section elementor-element elementor-element-eca6cf9 elementor-section-boxed elementor-section-height-default elementor-section-height-default wpr-particle-no wpr-jarallax-no wpr-parallax-no wpr-sticky-section-no\" data-id=\"eca6cf9\" data-element_type=\"section\">\n\t\t\t\t\t\t<div class=\"elementor-container elementor-column-gap-default\">\n\t\t\t\t\t<div class=\"elementor-column elementor-col-50 elementor-top-column elementor-element elementor-element-a10f0f0\" data-id=\"a10f0f0\" data-element_type=\"column\">\n\t\t\t<div class=\"elementor-widget-wrap elementor-element-populated\">\n\t\t\t\t\t\t<div class=\"elementor-element elementor-element-f28e4f7 elementor-widget elementor-widget-heading\" data-id=\"f28e4f7\" data-element_type=\"widget\" data-widget_type=\"heading.default\">\n\t\t\t\t<div class=\"elementor-widget-container\">\n\t\t\t<h2 class=\"elementor-heading-title elementor-size-default\">\nVISI\u00d3N<\/h2>\t\t<\/div>\n\t\t\t\t<\/div>\n\t\t\t\t<div class=\"elementor-element elementor-element-4726f02 elementor-widget elementor-widget-text-editor\" data-id=\"4726f02\" data-element_type=\"widget\" data-widget_type=\"text-editor.default\">\n\t\t\t\t<div class=\"elementor-widget-container\">\n\t\t\t\t\t\t\t<p>CONDUARTE Centro de Ense\u00f1anza Automovil\u00edstica, ser\u00e1 una organizaci\u00f3n empresarial educativa, l\u00edder en el sector del transporte p\u00fablico y privado para contribuir al progreso social y econ\u00f3mico de la regi\u00f3n, mediante el desarrollo de programas de formaci\u00f3n para el trabajo y desarrollo humano. As\u00ed contribuir con la generaci\u00f3n de empleo en el sector transporte.<\/p>\t\t\t\t\t\t<\/div>\n\t\t\t\t<\/div>\n\t\t\t\t\t<\/div>\n\t\t<\/div>\n\t\t\t\t<div class=\"elementor-column elementor-col-50 elementor-top-column elementor-element elementor-element-7056ef8\" data-id=\"7056ef8\" data-element_type=\"column\">\n\t\t\t<div class=\"elementor-widget-wrap elementor-element-populated\">\n\t\t\t\t\t\t<div class=\"elementor-element elementor-element-c38f8be elementor-widget elementor-widget-heading\" data-id=\"c38f8be\" data-element_type=\"widget\" data-widget_type=\"heading.default\">\n\t\t\t\t<div class=\"elementor-widget-container\">\n\t\t\t<h2 class=\"elementor-heading-title elementor-size-default\">VALORES<\/h2>\t\t<\/div>\n\t\t\t\t<\/div>\n\t\t\t\t<div class=\"elementor-element elementor-element-e6b166a elementor-widget elementor-widget-text-editor\" data-id=\"e6b166a\" data-element_type=\"widget\" data-widget_type=\"text-editor.default\">\n\t\t\t\t<div class=\"elementor-widget-container\">\n\t\t\t\t\t\t\t<p>Dentro CONDUARTE centro de Ense\u00f1anza Automovil\u00edstica se inculcar\u00e1n y tendr\u00e1 presente los siguientes valores:<\/p><p><br><\/p><p>\u2022 Responsabilidad<\/p><p>\u2022 Tolerancia<\/p><p>\u2022 Respeto por la Vida<\/p><p>\u2022 Igualdad<\/p><p>\u2022 Imparcialidad<\/p><p>\u2022 Compromiso Social<\/p><p>\u2022 Honestidad<\/p><p>\u2022 Solidaridad<\/p>\t\t\t\t\t\t<\/div>\n\t\t\t\t<\/div>\n\t\t\t\t\t<\/div>\n\t\t<\/div>\n\t\t\t\t\t<\/div>\n\t\t<\/section>\n\t\t\t\t<\/div>\n\t\t","protected":false},"excerpt":{"rendered":"<p>Nosotros BIENVENIDOS A LA ESCUELA DE CONDUCCI\u00d3N\u00a0 CONDUARTE El Centro de Ense\u00f1anza Automovil\u00edstica CONDUARTE, con el compromiso que tiene en el Municipio de Medell\u00edn, las \u00e1reas aleda\u00f1as y Antioquia en pro de la educaci\u00f3n y capacitaci\u00f3n en t\u00e9cnicas de conducci\u00f3n, decide operar bajo las directrices establecidas por el Ministerio de Transporte y el Ministerio de [&hellip;]<\/p>\n","protected":false},"author":1,"featured_media":0,"parent":0,"menu_order":0,"comment_status":"closed","ping_status":"closed","template":"elementor_canvas","meta":{"footnotes":""},"class_list":["post-9","page","type-page","status-publish","hentry"],"_links":{"self":[{"href":"https:\/\/conduarte.com\/index.php?rest_route=\/wp\/v2\/pages\/9","targetHints":{"allow":["GET"]}}],"collection":[{"href":"https:\/\/conduarte.com\/index.php?rest_route=\/wp\/v2\/pages"}],"about":[{"href":"https:\/\/conduarte.com\/index.php?rest_route=\/wp\/v2\/types\/page"}],"author":[{"embeddable":true,"href":"https:\/\/conduarte.com\/index.php?rest_route=\/wp\/v2\/users\/1"}],"replies":[{"embeddable":true,"href":"https:\/\/conduarte.com\/index.php?rest_route=%2Fwp%2Fv2%2Fcomments&post=9"}],"version-history":[{"count":7,"href":"https:\/\/conduarte.com\/index.php?rest_route=\/wp\/v2\/pages\/9\/revisions"}],"predecessor-version":[{"id":9747,"href":"https:\/\/conduarte.com\/index.php?rest_route=\/wp\/v2\/pages\/9\/revisions\/9747"}],"wp:attachment":[{"href":"https:\/\/conduarte.com\/index.php?rest_route=%2Fwp%2Fv2%2Fmedia&parent=9"}],"curies":[{"name":"wp","href":"https:\/\/api.w.org\/{rel}","templated":true}]}}